{"id":1360,"date":"2025-08-20T18:11:24","date_gmt":"2025-08-20T18:11:24","guid":{"rendered":"https:\/\/praxis-wbc.de\/?page_id=1360"},"modified":"2025-09-12T16:07:17","modified_gmt":"2025-09-12T16:07:17","slug":"haftungsausschluss","status":"publish","type":"page","link":"https:\/\/praxis-wbc.de\/ru\/haftungsausschluss\/","title":{"rendered":"\u041e\u0442\u043a\u0430\u0437 \u043e\u0442 \u043e\u0442\u0432\u0435\u0442\u0441\u0442\u0432\u0435\u043d\u043d\u043e\u0441\u0442\u0438"},"content":{"rendered":"<div data-elementor-type=\"wp-page\" data-elementor-id=\"1360\" class=\"elementor elementor-1360\">\n\t\t\t\t<div class=\"elementor-element elementor-element-b7b6a98 e-flex e-con-boxed e-con e-parent\" data-id=\"b7b6a98\" data-element_type=\"container\">\n\t\t\t\t\t<div class=\"e-con-inner\">\n\t\t\t\t<div class=\"elementor-element elementor-element-560de5b elementor-widget elementor-widget-text-editor\" data-id=\"560de5b\" data-element_type=\"widget\" data-widget_type=\"text-editor.default\">\n\t\t\t\t<div class=\"elementor-widget-container\">\n\t\t\t\t\t\t\t\t\t<p>\u00a0<\/p><h4 data-start=\"1307\" data-end=\"1662\"><strong data-start=\"1307\" data-end=\"1330\">Haftung f\u00fcr Inhalte<\/strong><\/h4><p data-start=\"1307\" data-end=\"1662\"><br data-start=\"1330\" data-end=\"1333\" \/>Die Inhalte unserer Seiten wurden mit gr\u00f6\u00dfter Sorgfalt erstellt. Dennoch \u00fcbernehmen wir keine Gew\u00e4hr f\u00fcr die Richtigkeit, Vollst\u00e4ndigkeit und Aktualit\u00e4t der bereitgestellten Informationen. Als Diensteanbieter sind wir nach \u00a7 7 Abs. 1 TMG f\u00fcr eigene Inhalte verantwortlich. Eine dar\u00fcber hinausgehende Haftung ist ausgeschlossen.<\/p><p data-start=\"1307\" data-end=\"1662\">\u00a0<\/p><h4 data-start=\"1664\" data-end=\"2126\"><strong data-start=\"1664\" data-end=\"1685\">Haftung f\u00fcr Links<\/strong><\/h4><p data-start=\"1664\" data-end=\"2126\"><br data-start=\"1685\" data-end=\"1688\" \/>Unser Angebot enth\u00e4lt Links zu externen Websites, auf deren Inhalte wir keinen Einfluss haben. Daher k\u00f6nnen wir f\u00fcr diese fremden Inhalte keine Gew\u00e4hr \u00fcbernehmen. F\u00fcr die Inhalte der verlinkten Seiten ist stets der jeweilige Anbieter oder Betreiber verantwortlich. Rechtswidrige Inhalte waren zum Zeitpunkt der Verlinkung nicht erkennbar. Sollten uns Rechtsverletzungen bekannt werden, werden wir entsprechende Links umgehend entfernen.<\/p><p data-start=\"1664\" data-end=\"2126\">\u00a0<\/p><h4 data-start=\"2128\" data-end=\"2576\"><strong data-start=\"2128\" data-end=\"2144\">Urheberrecht<\/strong><\/h4><p data-start=\"2128\" data-end=\"2576\"><br data-start=\"2144\" data-end=\"2147\" \/>Die durch den Betreiber dieser Seite erstellten Inhalte und Werke unterliegen dem deutschen Urheberrecht. Beitr\u00e4ge Dritter sind als solche gekennzeichnet. Die Vervielf\u00e4ltigung, Bearbeitung, Verbreitung und jede Art der Verwertung au\u00dferhalb der Grenzen des Urheberrechtes bed\u00fcrfen der schriftlichen Zustimmung des jeweiligen Autors bzw. Erstellers. Downloads und Kopien dieser Seite sind nur f\u00fcr den privaten Gebrauch gestattet.<\/p>\t\t\t\t\t\t\t\t<\/div>\n\t\t\t\t<\/div>\n\t\t\t\t\t<\/div>\n\t\t\t\t<\/div>\n\t\t\t\t<\/div>","protected":false},"excerpt":{"rendered":"<p>\u00a0 Haftung f\u00fcr Inhalte Die Inhalte unserer Seiten wurden mit gr\u00f6\u00dfter Sorgfalt erstellt. Dennoch \u00fcbernehmen wir keine Gew\u00e4hr f\u00fcr die [&hellip;]<\/p>","protected":false},"author":1,"featured_media":0,"parent":0,"menu_order":0,"comment_status":"closed","ping_status":"closed","template":"","meta":{"site-sidebar-layout":"no-sidebar","site-content-layout":"","ast-site-content-layout":"full-width-container","site-content-style":"default","site-sidebar-style":"default","ast-global-header-display":"","ast-banner-title-visibility":"","ast-main-header-display":"","ast-hfb-above-header-display":"","ast-hfb-below-header-display":"","ast-hfb-mobile-header-display":"","site-post-title":"disabled","ast-breadcrumbs-content":"","ast-featured-img":"disabled","footer-sml-layout":"","theme-transparent-header-meta":"","adv-header-id-meta":"","stick-header-meta":"","header-above-stick-meta":"","header-main-stick-meta":"","header-below-stick-meta":"","astra-migrate-meta-layouts":"default","ast-page-background-enabled":"default","ast-page-background-meta":{"desktop":{"background-color":"var(--ast-global-color-4)","background-image":"","background-repeat":"repeat","background-position":"center center","background-size":"auto","background-attachment":"scroll","background-type":"","background-media":"","overlay-type":"","overlay-color":"","overlay-opacity":"","overlay-gradient":""},"tablet":{"background-color":"","background-image":"","background-repeat":"repeat","background-position":"center center","background-size":"auto","background-attachment":"scroll","background-type":"","background-media":"","overlay-type":"","overlay-color":"","overlay-opacity":"","overlay-gradient":""},"mobile":{"background-color":"","background-image":"","background-repeat":"repeat","background-position":"center center","background-size":"auto","background-attachment":"scroll","background-type":"","background-media":"","overlay-type":"","overlay-color":"","overlay-opacity":"","overlay-gradient":""}},"ast-content-background-meta":{"desktop":{"background-color":"var(--ast-global-color-5)","background-image":"","background-repeat":"repeat","background-position":"center center","background-size":"auto","background-attachment":"scroll","background-type":"","background-media":"","overlay-type":"","overlay-color":"","overlay-opacity":"","overlay-gradient":""},"tablet":{"background-color":"var(--ast-global-color-5)","background-image":"","background-repeat":"repeat","background-position":"center center","background-size":"auto","background-attachment":"scroll","background-type":"","background-media":"","overlay-type":"","overlay-color":"","overlay-opacity":"","overlay-gradient":""},"mobile":{"background-color":"var(--ast-global-color-5)","background-image":"","background-repeat":"repeat","background-position":"center center","background-size":"auto","background-attachment":"scroll","background-type":"","background-media":"","overlay-type":"","overlay-color":"","overlay-opacity":"","overlay-gradient":""}},"footnotes":""},"class_list":["post-1360","page","type-page","status-publish","hentry"],"_links":{"self":[{"href":"https:\/\/praxis-wbc.de\/ru\/wp-json\/wp\/v2\/pages\/1360","targetHints":{"allow":["GET"]}}],"collection":[{"href":"https:\/\/praxis-wbc.de\/ru\/wp-json\/wp\/v2\/pages"}],"about":[{"href":"https:\/\/praxis-wbc.de\/ru\/wp-json\/wp\/v2\/types\/page"}],"author":[{"embeddable":true,"href":"https:\/\/praxis-wbc.de\/ru\/wp-json\/wp\/v2\/users\/1"}],"replies":[{"embeddable":true,"href":"https:\/\/praxis-wbc.de\/ru\/wp-json\/wp\/v2\/comments?post=1360"}],"version-history":[{"count":10,"href":"https:\/\/praxis-wbc.de\/ru\/wp-json\/wp\/v2\/pages\/1360\/revisions"}],"predecessor-version":[{"id":1554,"href":"https:\/\/praxis-wbc.de\/ru\/wp-json\/wp\/v2\/pages\/1360\/revisions\/1554"}],"wp:attachment":[{"href":"https:\/\/praxis-wbc.de\/ru\/wp-json\/wp\/v2\/media?parent=1360"}],"curies":[{"name":"wp","href":"https:\/\/api.w.org\/{rel}","templated":true}]}}