{"id":1358,"date":"2025-08-20T18:11:24","date_gmt":"2025-08-20T18:11:24","guid":{"rendered":"https:\/\/praxis-wbc.de\/?page_id=1358"},"modified":"2025-09-12T16:05:51","modified_gmt":"2025-09-12T16:05:51","slug":"datenschutzerklaerung","status":"publish","type":"page","link":"https:\/\/praxis-wbc.de\/ru\/datenschutzerklaerung\/","title":{"rendered":"\u043f\u043e\u043b\u0438\u0442\u0438\u043a\u0435 \u043a\u043e\u043d\u0444\u0438\u0434\u0435\u043d\u0446\u0438\u0430\u043b\u044c\u043d\u043e\u0441\u0442\u0438."},"content":{"rendered":"<div data-elementor-type=\"wp-page\" data-elementor-id=\"1358\" class=\"elementor elementor-1358\">\n\t\t\t\t<div class=\"elementor-element elementor-element-d7678ab e-flex e-con-boxed e-con e-parent\" data-id=\"d7678ab\" data-element_type=\"container\">\n\t\t\t\t\t<div class=\"e-con-inner\">\n\t\t\t\t<div class=\"elementor-element elementor-element-99f2649 elementor-widget elementor-widget-text-editor\" data-id=\"99f2649\" data-element_type=\"widget\" data-widget_type=\"text-editor.default\">\n\t\t\t\t<div class=\"elementor-widget-container\">\n\t\t\t\t\t\t\t\t\t<h1 data-start=\"449\" data-end=\"471\">\u043f\u043e\u043b\u0438\u0442\u0438\u043a\u0435 \u043a\u043e\u043d\u0444\u0438\u0434\u0435\u043d\u0446\u0438\u0430\u043b\u044c\u043d\u043e\u0441\u0442\u0438.<\/h1><h2 data-start=\"473\" data-end=\"495\">Allgemeine Hinweise<\/h2><p data-start=\"496\" data-end=\"1070\">Der Schutz Ihrer personenbezogenen Daten ist uns ein wichtiges Anliegen. Die Nutzung unserer Website ist grunds\u00e4tzlich ohne Angabe personenbezogener Daten m\u00f6glich. Sollten Sie jedoch bestimmte Dienste in Anspruch nehmen, kann eine Verarbeitung personenbezogener Daten erforderlich werden. In diesem Fall erfolgt die Verarbeitung stets auf einer gesetzlichen Grundlage oder \u2013 falls erforderlich \u2013 nach Ihrer ausdr\u00fccklichen Einwilligung.<\/p><p data-start=\"1072\" data-end=\"1444\">Wir behandeln Ihre personenbezogenen Daten vertraulich und gem\u00e4\u00df den gesetzlichen Datenschutzvorschriften, insbesondere der Datenschutz-Grundverordnung (DSGVO), sowie den f\u00fcr uns geltenden nationalen Bestimmungen. Mit dieser Datenschutzerkl\u00e4rung informieren wir Sie \u00fcber Art, Umfang und Zweck der Datenerhebung, Datennutzung und Datenverarbeitung sowie \u00fcber Ihre Rechte.<\/p><p data-start=\"1446\" data-end=\"1717\">Trotz umfassender technischer und organisatorischer Schutzma\u00dfnahmen kann die \u00dcbertragung von Daten \u00fcber das Internet nie vollkommen sicher sein. Deshalb steht es Ihnen frei, uns sensible Informationen auch auf alternativen Wegen \u2013 etwa telefonisch \u2013 zukommen zu lassen.<\/p><hr data-start=\"1719\" data-end=\"1722\" \/><h2 data-start=\"1724\" data-end=\"1744\">Wichtige Begriffe<\/h2><p data-start=\"1745\" data-end=\"1864\">Zur besseren Verst\u00e4ndlichkeit orientieren wir uns bei den verwendeten Begriffen an den Definitionen der DSGVO, z. B.:<\/p><ul data-start=\"1866\" data-end=\"2712\"><li data-start=\"1866\" data-end=\"2048\"><p data-start=\"1868\" data-end=\"2048\"><strong data-start=\"1868\" data-end=\"1894\">Personenbezogene Daten<\/strong>: Informationen, die sich auf eine identifizierte oder identifizierbare nat\u00fcrliche Person beziehen (z. B. Name, Adresse, Telefonnummer, E-Mail-Adresse).<\/p><\/li><li data-start=\"2049\" data-end=\"2148\"><p data-start=\"2051\" data-end=\"2148\"><strong data-start=\"2051\" data-end=\"2072\">Betroffene Person<\/strong>: Jede nat\u00fcrliche Person, deren personenbezogene Daten verarbeitet werden.<\/p><\/li><li data-start=\"2149\" data-end=\"2294\"><p data-start=\"2151\" data-end=\"2294\"><strong data-start=\"2151\" data-end=\"2167\">Verarbeitung<\/strong>: Jeder Vorgang im Zusammenhang mit personenbezogenen Daten, wie das Erheben, Speichern, Verwenden, \u00dcbermitteln oder L\u00f6schen.<\/p><\/li><li data-start=\"2295\" data-end=\"2400\"><p data-start=\"2297\" data-end=\"2400\"><strong data-start=\"2297\" data-end=\"2317\">Verantwortlicher<\/strong>: Die Person oder Stelle, die \u00fcber Zweck und Mittel der Verarbeitung entscheidet.<\/p><\/li><li data-start=\"2401\" data-end=\"2516\"><p data-start=\"2403\" data-end=\"2516\"><strong data-start=\"2403\" data-end=\"2426\">Auftragsverarbeiter<\/strong>: Dienstleister, der personenbezogene Daten im Auftrag des Verantwortlichen verarbeitet.<\/p><\/li><li data-start=\"2517\" data-end=\"2617\"><p data-start=\"2519\" data-end=\"2617\"><strong data-start=\"2519\" data-end=\"2542\">Empf\u00e4nger \/ Dritter<\/strong>: Stellen oder Personen, denen personenbezogene Daten offengelegt werden.<\/p><\/li><li data-start=\"2618\" data-end=\"2712\"><p data-start=\"2620\" data-end=\"2712\"><strong data-start=\"2620\" data-end=\"2636\">Einwilligung<\/strong>: Ihre freiwillige und eindeutige Zustimmung zur Verarbeitung Ihrer Daten.<\/p><\/li><\/ul><hr data-start=\"2714\" data-end=\"2717\" \/><h2 data-start=\"2719\" data-end=\"2744\">Verantwortliche Stelle<\/h2><p data-start=\"2745\" data-end=\"2860\"><strong data-start=\"2752\" data-end=\"2796\">Hausarztpraxis Weidhausen<\/strong><br data-start=\"2796\" data-end=\"2799\" \/>\u0412\u043b\u0430\u0434\u0435\u043b\u0438\u0446\u0430: \u0420\u0435\u043d\u0430 \u041a\u0430\u0434\u0438\u043c\u043e\u0432\u043d\u0430 \u0411\u0435\u043b\u0435\u043d\u044c\u043a\u0430\u044f<br data-start=\"2815\" data-end=\"2818\" \/>Salzgasse 1<br data-start=\"2829\" data-end=\"2832\" \/>96279 Weidhausen b. Coburg<\/p><p data-start=\"2862\" data-end=\"2937\">\u042d\u043b\u0435\u043a\u0442\u0440\u043e\u043d\u043d\u0430\u044f \u043f\u043e\u0447\u0442\u0430: <strong data-start=\"2870\" data-end=\"2906\"><a class=\"decorated-link cursor-pointer\" rel=\"noopener\" data-start=\"2872\" data-end=\"2904\">kontakt@praxis-wbc.de<\/a><\/strong><br data-start=\"2906\" data-end=\"2909\" \/>\u0422\u0435\u043b\u0435\u0444\u043e\u043d: 09562 403935-0<\/p><hr data-start=\"2939\" data-end=\"2942\" \/><h2 data-start=\"2944\" data-end=\"2973\">Erhebung allgemeiner Daten<\/h2><p data-start=\"2974\" data-end=\"3085\">Beim Aufruf unserer Website werden automatisch Daten erfasst, die Ihr Browser \u00fcbermittelt. Dazu z\u00e4hlen u. a.:<\/p><ul data-start=\"3087\" data-end=\"3278\"><li data-start=\"3087\" data-end=\"3114\"><p data-start=\"3089\" data-end=\"3114\">Browsertyp und -version<\/p><\/li><li data-start=\"3115\" data-end=\"3133\"><p data-start=\"3117\" data-end=\"3133\">Betriebssystem<\/p><\/li><li data-start=\"3134\" data-end=\"3173\"><p data-start=\"3136\" data-end=\"3173\">die zuvor besuchte Seite (Referrer)<\/p><\/li><li data-start=\"3174\" data-end=\"3201\"><p data-start=\"3176\" data-end=\"3201\">aufgerufene Unterseiten<\/p><\/li><li data-start=\"3202\" data-end=\"3236\"><p data-start=\"3204\" data-end=\"3236\">Datum und Uhrzeit des Zugriffs<\/p><\/li><li data-start=\"3237\" data-end=\"3251\"><p data-start=\"3239\" data-end=\"3251\">IP-Adresse<\/p><\/li><li data-start=\"3252\" data-end=\"3278\"><p data-start=\"3254\" data-end=\"3278\">Internetdienstanbieter<\/p><\/li><\/ul><p data-start=\"3280\" data-end=\"3501\">Diese Informationen sind f\u00fcr uns nicht bestimmten Personen zuordenbar. Sie dienen der sicheren Bereitstellung unserer Website, der Optimierung unseres Angebots und ggf. der Aufkl\u00e4rung von Missbrauch oder Cyberangriffen.<\/p><hr data-start=\"3503\" data-end=\"3506\" \/><h2 data-start=\"3508\" data-end=\"3530\">SSL-Verschl\u00fcsselung<\/h2><p data-start=\"3531\" data-end=\"3752\">Unsere Website nutzt SSL\/TLS-Verschl\u00fcsselung. Sie erkennen eine gesicherte Verbindung am \u201ehttps:\/\/\u201c in der Adresszeile sowie am Schloss-Symbol im Browser. So k\u00f6nnen \u00fcbertragene Daten nicht von Dritten mitgelesen werden.<\/p><hr data-start=\"3754\" data-end=\"3757\" \/><h2 data-start=\"3759\" data-end=\"3787\">Registrierung und Kontakt<\/h2><p data-start=\"3788\" data-end=\"4185\">Wenn Sie sich auf unserer Website registrieren oder ein Formular nutzen, verarbeiten wir die von Ihnen freiwillig angegebenen Daten (z. B. Name, E-Mail-Adresse). Diese Daten verwenden wir ausschlie\u00dflich zur Bereitstellung der gew\u00fcnschten Leistung bzw. zur Bearbeitung Ihrer Anfrage. Eine Weitergabe an Dritte erfolgt nur, wenn dies gesetzlich erlaubt oder zur Vertragserf\u00fcllung erforderlich ist.<\/p><hr data-start=\"4187\" data-end=\"4190\" \/><h2 data-start=\"4192\" data-end=\"4221\">Speicherdauer und L\u00f6schung<\/h2><p data-start=\"4222\" data-end=\"4438\">Personenbezogene Daten werden nur so lange gespeichert, wie dies zur Erf\u00fcllung des jeweiligen Zwecks notwendig ist oder eine gesetzliche Aufbewahrungspflicht besteht. Danach werden die Daten gel\u00f6scht oder gesperrt.<\/p><hr data-start=\"4440\" data-end=\"4443\" \/><h2 data-start=\"4445\" data-end=\"4459\">Ihre Rechte<\/h2><p data-start=\"4460\" data-end=\"4496\">Sie haben jederzeit das Recht auf:<\/p><ul data-start=\"4498\" data-end=\"4759\"><li data-start=\"4498\" data-end=\"4540\"><p data-start=\"4500\" data-end=\"4540\">Auskunft \u00fcber Ihre gespeicherten Daten<\/p><\/li><li data-start=\"4541\" data-end=\"4575\"><p data-start=\"4543\" data-end=\"4575\">Berichtigung unrichtiger Daten<\/p><\/li><li data-start=\"4576\" data-end=\"4618\"><p data-start=\"4578\" data-end=\"4618\">L\u00f6schung (\u201eRecht auf Vergessenwerden\u201c)<\/p><\/li><li data-start=\"4619\" data-end=\"4653\"><p data-start=\"4621\" data-end=\"4653\">Einschr\u00e4nkung der Verarbeitung<\/p><\/li><li data-start=\"4654\" data-end=\"4678\"><p data-start=\"4656\" data-end=\"4678\">Daten\u00fcbertragbarkeit<\/p><\/li><li data-start=\"4679\" data-end=\"4717\"><p data-start=\"4681\" data-end=\"4717\">Widerspruch gegen die Verarbeitung<\/p><\/li><li data-start=\"4718\" data-end=\"4759\"><p data-start=\"4720\" data-end=\"4759\">Widerruf einer erteilten Einwilligung<\/p><\/li><\/ul><p data-start=\"4761\" data-end=\"4840\">Zur Aus\u00fcbung dieser Rechte gen\u00fcgt eine formlose Mitteilung per E-Mail an uns.<\/p><hr data-start=\"4842\" data-end=\"4845\" \/><h2 data-start=\"4847\" data-end=\"4866\">Rechtsgrundlagen<\/h2><p data-start=\"4867\" data-end=\"4948\">Rechtsgrundlage f\u00fcr die Datenverarbeitung ist in der Regel Art. 6 Abs. 1 DSGVO:<\/p><ul data-start=\"4949\" data-end=\"5135\"><li data-start=\"4949\" data-end=\"4974\"><p data-start=\"4951\" data-end=\"4974\">Einwilligung (lit. a)<\/p><\/li><li data-start=\"4975\" data-end=\"5005\"><p data-start=\"4977\" data-end=\"5005\">Vertragserf\u00fcllung (lit. b)<\/p><\/li><li data-start=\"5006\" data-end=\"5043\"><p data-start=\"5008\" data-end=\"5043\">rechtliche Verpflichtung (lit. c)<\/p><\/li><li data-start=\"5044\" data-end=\"5090\"><p data-start=\"5046\" data-end=\"5090\">Schutz lebenswichtiger Interessen (lit. d)<\/p><\/li><li data-start=\"5091\" data-end=\"5135\"><p data-start=\"5093\" data-end=\"5135\">Wahrung berechtigter Interessen (lit. f)<\/p><\/li><\/ul><hr data-start=\"5137\" data-end=\"5140\" \/><h2 data-start=\"5142\" data-end=\"5169\">Einsatz externer Dienste<\/h2><h3 data-start=\"5170\" data-end=\"5187\">Google Maps<\/h3><p data-start=\"5188\" data-end=\"5352\">Unsere Website nutzt zur Darstellung von Karten den Dienst <strong data-start=\"5247\" data-end=\"5262\">Google Maps<\/strong>. Hierbei k\u00f6nnen Daten (z. B. IP-Adresse) an Google-Server in den USA \u00fcbertragen werden.<\/p><h3 data-start=\"5354\" data-end=\"5372\">Google Fonts<\/h3><p data-start=\"5373\" data-end=\"5509\">Zur einheitlichen Darstellung von Schriftarten nutzen wir <strong data-start=\"5431\" data-end=\"5447\">Google Fonts<\/strong>. Auch hier erfolgt ein Verbindungsaufbau zu Google-Servern.<\/p><h3 data-start=\"5511\" data-end=\"5524\">Cookies<\/h3><p data-start=\"5525\" data-end=\"5799\">Unsere Website verwendet Cookies, die meist nur f\u00fcr die Dauer der Sitzung gespeichert werden. Diese dienen ausschlie\u00dflich technischen Zwecken und richten keinen Schaden an. Sie k\u00f6nnen Cookies in Ihrem Browser deaktivieren; dies kann jedoch die Funktionalit\u00e4t einschr\u00e4nken.<\/p><h3 data-start=\"5801\" data-end=\"5823\">Google Analytics<\/h3><p data-start=\"5824\" data-end=\"6153\">Zur Analyse unseres Webangebots nutzen wir <strong data-start=\"5867\" data-end=\"5887\">Google Analytics<\/strong>. Dabei k\u00f6nnen Cookies eingesetzt werden, die eine anonyme Auswertung des Nutzerverhaltens erm\u00f6glichen. Ihre IP-Adresse wird dabei in der Regel gek\u00fcrzt. Sie k\u00f6nnen die Erfassung durch ein Browser-Add-on unterbinden (<a class=\"decorated-link\" href=\"https:\/\/tools.google.com\/dlpage\/gaoptout?hl=de\" target=\"_new\" rel=\"noopener\" data-start=\"6103\" data-end=\"6149\">https:\/\/tools.google.com\/dlpage\/gaoptout?hl=de<\/a>).<\/p><hr data-start=\"6349\" data-end=\"6352\" \/><h2 data-start=\"6354\" data-end=\"6393\">Keine automatisierten Entscheidungen<\/h2><p data-start=\"6394\" data-end=\"6493\">Wir verzichten vollst\u00e4ndig auf eine automatisierte Entscheidungsfindung einschlie\u00dflich Profiling.<\/p>\t\t\t\t\t\t\t\t<\/div>\n\t\t\t\t<\/div>\n\t\t\t\t\t<\/div>\n\t\t\t\t<\/div>\n\t\t\t\t<\/div>","protected":false},"excerpt":{"rendered":"<p>Datenschutzerkl\u00e4rung Allgemeine Hinweise Der Schutz Ihrer personenbezogenen Daten ist uns ein wichtiges Anliegen. Die Nutzung unserer Website ist grunds\u00e4tzlich ohne [&hellip;]<\/p>","protected":false},"author":1,"featured_media":0,"parent":0,"menu_order":0,"comment_status":"closed","ping_status":"closed","template":"","meta":{"site-sidebar-layout":"no-sidebar","site-content-layout":"","ast-site-content-layout":"full-width-container","site-content-style":"default","site-sidebar-style":"default","ast-global-header-display":"","ast-banner-title-visibility":"","ast-main-header-display":"","ast-hfb-above-header-display":"","ast-hfb-below-header-display":"","ast-hfb-mobile-header-display":"","site-post-title":"disabled","ast-breadcrumbs-content":"","ast-featured-img":"disabled","footer-sml-layout":"","theme-transparent-header-meta":"","adv-header-id-meta":"","stick-header-meta":"","header-above-stick-meta":"","header-main-stick-meta":"","header-below-stick-meta":"","astra-migrate-meta-layouts":"default","ast-page-background-enabled":"default","ast-page-background-meta":{"desktop":{"background-color":"var(--ast-global-color-4)","background-image":"","background-repeat":"repeat","background-position":"center center","background-size":"auto","background-attachment":"scroll","background-type":"","background-media":"","overlay-type":"","overlay-color":"","overlay-opacity":"","overlay-gradient":""},"tablet":{"background-color":"","background-image":"","background-repeat":"repeat","background-position":"center center","background-size":"auto","background-attachment":"scroll","background-type":"","background-media":"","overlay-type":"","overlay-color":"","overlay-opacity":"","overlay-gradient":""},"mobile":{"background-color":"","background-image":"","background-repeat":"repeat","background-position":"center center","background-size":"auto","background-attachment":"scroll","background-type":"","background-media":"","overlay-type":"","overlay-color":"","overlay-opacity":"","overlay-gradient":""}},"ast-content-background-meta":{"desktop":{"background-color":"var(--ast-global-color-5)","background-image":"","background-repeat":"repeat","background-position":"center center","background-size":"auto","background-attachment":"scroll","background-type":"","background-media":"","overlay-type":"","overlay-color":"","overlay-opacity":"","overlay-gradient":""},"tablet":{"background-color":"var(--ast-global-color-5)","background-image":"","background-repeat":"repeat","background-position":"center center","background-size":"auto","background-attachment":"scroll","background-type":"","background-media":"","overlay-type":"","overlay-color":"","overlay-opacity":"","overlay-gradient":""},"mobile":{"background-color":"var(--ast-global-color-5)","background-image":"","background-repeat":"repeat","background-position":"center center","background-size":"auto","background-attachment":"scroll","background-type":"","background-media":"","overlay-type":"","overlay-color":"","overlay-opacity":"","overlay-gradient":""}},"footnotes":""},"class_list":["post-1358","page","type-page","status-publish","hentry"],"_links":{"self":[{"href":"https:\/\/praxis-wbc.de\/ru\/wp-json\/wp\/v2\/pages\/1358","targetHints":{"allow":["GET"]}}],"collection":[{"href":"https:\/\/praxis-wbc.de\/ru\/wp-json\/wp\/v2\/pages"}],"about":[{"href":"https:\/\/praxis-wbc.de\/ru\/wp-json\/wp\/v2\/types\/page"}],"author":[{"embeddable":true,"href":"https:\/\/praxis-wbc.de\/ru\/wp-json\/wp\/v2\/users\/1"}],"replies":[{"embeddable":true,"href":"https:\/\/praxis-wbc.de\/ru\/wp-json\/wp\/v2\/comments?post=1358"}],"version-history":[{"count":7,"href":"https:\/\/praxis-wbc.de\/ru\/wp-json\/wp\/v2\/pages\/1358\/revisions"}],"predecessor-version":[{"id":1548,"href":"https:\/\/praxis-wbc.de\/ru\/wp-json\/wp\/v2\/pages\/1358\/revisions\/1548"}],"wp:attachment":[{"href":"https:\/\/praxis-wbc.de\/ru\/wp-json\/wp\/v2\/media?parent=1358"}],"curies":[{"name":"wp","href":"https:\/\/api.w.org\/{rel}","templated":true}]}}