{"id":1288,"date":"2025-08-05T10:14:23","date_gmt":"2025-08-05T10:14:23","guid":{"rendered":"https:\/\/praxis-wbc.de\/about\/"},"modified":"2025-12-22T08:31:36","modified_gmt":"2025-12-22T08:31:36","slug":"about","status":"publish","type":"page","link":"https:\/\/praxis-wbc.de\/ru\/about\/","title":{"rendered":"About"},"content":{"rendered":"<div data-elementor-type=\"wp-page\" data-elementor-id=\"1288\" class=\"elementor elementor-1288\">\n\t\t\t\t<div class=\"elementor-element elementor-element-30a2f9f e-flex e-con-boxed e-con e-parent\" data-id=\"30a2f9f\" data-element_type=\"container\" data-settings=\"{&quot;background_background&quot;:&quot;classic&quot;}\">\n\t\t\t\t\t<div class=\"e-con-inner\">\n\t\t<div class=\"elementor-element elementor-element-d87b428 e-con-full e-flex e-con e-child\" data-id=\"d87b428\" data-element_type=\"container\">\n\t\t\t\t<div class=\"elementor-element elementor-element-b2c5022 e-transform elementor-widget elementor-widget-heading\" data-id=\"b2c5022\" data-element_type=\"widget\" data-settings=\"{&quot;_transform_scale_effect&quot;:{&quot;unit&quot;:&quot;px&quot;,&quot;size&quot;:1.3,&quot;sizes&quot;:[]},&quot;_transform_scale_effect_tablet&quot;:{&quot;unit&quot;:&quot;px&quot;,&quot;size&quot;:&quot;&quot;,&quot;sizes&quot;:[]},&quot;_transform_scale_effect_mobile&quot;:{&quot;unit&quot;:&quot;px&quot;,&quot;size&quot;:&quot;&quot;,&quot;sizes&quot;:[]}}\" data-widget_type=\"heading.default\">\n\t\t\t\t<div class=\"elementor-widget-container\">\n\t\t\t\t\t<h1 class=\"elementor-heading-title elementor-size-default\">\u041e \u043d\u0430\u0441<\/h1>\t\t\t\t<\/div>\n\t\t\t\t<\/div>\n\t\t\t\t<\/div>\n\t\t\t\t\t<\/div>\n\t\t\t\t<\/div>\n\t\t<div class=\"elementor-element elementor-element-84bd2e3 e-grid e-con-boxed e-con e-parent\" data-id=\"84bd2e3\" data-element_type=\"container\">\n\t\t\t\t\t<div class=\"e-con-inner\">\n\t\t\t\t<div class=\"elementor-element elementor-element-40fbd52 elementor-widget elementor-widget-image\" data-id=\"40fbd52\" data-element_type=\"widget\" data-widget_type=\"image.default\">\n\t\t\t\t<div class=\"elementor-widget-container\">\n\t\t\t\t\t\t\t\t\t\t\t\t\t\t\t<img fetchpriority=\"high\" decoding=\"async\" width=\"1024\" height=\"683\" src=\"https:\/\/praxis-wbc.de\/wp-content\/uploads\/2025\/10\/DSC_0064-1024x683.jpg\" class=\"attachment-large size-large wp-image-1654\" alt=\"Rena Belenkaya\" srcset=\"https:\/\/praxis-wbc.de\/wp-content\/uploads\/2025\/10\/DSC_0064-1024x683.jpg 1024w, https:\/\/praxis-wbc.de\/wp-content\/uploads\/2025\/10\/DSC_0064-300x200.jpg 300w, https:\/\/praxis-wbc.de\/wp-content\/uploads\/2025\/10\/DSC_0064-768x512.jpg 768w, https:\/\/praxis-wbc.de\/wp-content\/uploads\/2025\/10\/DSC_0064-1536x1024.jpg 1536w, https:\/\/praxis-wbc.de\/wp-content\/uploads\/2025\/10\/DSC_0064-18x12.jpg 18w, https:\/\/praxis-wbc.de\/wp-content\/uploads\/2025\/10\/DSC_0064.jpg 1620w\" sizes=\"(max-width: 1024px) 100vw, 1024px\" \/>\t\t\t\t\t\t\t\t\t\t\t\t\t\t\t<\/div>\n\t\t\t\t<\/div>\n\t\t\t\t<div class=\"elementor-element elementor-element-1c44364 elementor-widget elementor-widget-text-editor\" data-id=\"1c44364\" data-element_type=\"widget\" data-widget_type=\"text-editor.default\">\n\t\t\t\t<div class=\"elementor-widget-container\">\n\t\t\t\t\t\t\t\t\t<p><strong>\u00a0\u0420\u0435\u043d\u0430 \u0411\u0435\u043b\u0435\u043d\u044c\u043a\u0430\u044f<\/strong><\/p><p>\u0423\u0447\u0451\u0431\u0430 \u0432 \u041a\u0443\u0440\u0441\u043a\u0435 (\u0420\u043e\u0441\u0441\u0438\u044f), \u043f\u043e\u043b\u0443\u0447\u0435\u043d\u0438\u0435 \u043b\u0438\u0446\u0435\u043d\u0437\u0438\u0438 \u043d\u0430 \u043c\u0435\u0434\u0438\u0446\u0438\u043d\u0441\u043a\u0443\u044e \u043f\u0440\u0430\u043a\u0442\u0438\u043a\u0443 \u0432 \u0413\u0435\u0440\u043c\u0430\u043d\u0438\u0438 (2012), \u0441\u043f\u0435\u0446\u0438\u0430\u043b\u0438\u0441\u0442 \u043f\u043e \u043e\u0431\u0449\u0435\u0439 \u043c\u0435\u0434\u0438\u0446\u0438\u043d\u0435 \u0441 2022 \u0433\u043e\u0434\u0430.<\/p><p>Langj\u00e4hrige Erfahrung in Chirurgie, Rehabilitation, Geriatrie, Innerer Medizin und haus\u00e4rztlicher Versorgung<br \/><br \/><\/p><p><strong>\u041c\u043e\u0438 \u043e\u0441\u043d\u043e\u0432\u043d\u044b\u0435 \u043d\u0430\u043f\u0440\u0430\u0432\u043b\u0435\u043d\u0438\u044f:<\/strong><br \/>- \u041e\u0431\u0449\u0430\u044f \u043c\u0435\u0434\u0438\u0446\u0438\u043d\u0441\u043a\u0430\u044f \u043f\u043e\u043c\u043e\u0449\u044c \u0434\u043b\u044f \u0432\u0441\u0435\u0439 \u0441\u0435\u043c\u044c\u0438<br \/>- \u0412\u0430\u043a\u0446\u0438\u043d\u0430\u0446\u0438\u044f \u0438 \u043f\u0440\u043e\u0444\u0438\u043b\u0430\u043a\u0442\u0438\u043a\u0430 \u0437\u0430\u0431\u043e\u043b\u0435\u0432\u0430\u043d\u0438\u0439<br \/>- \u0413\u0435\u0440\u0438\u0430\u0442\u0440\u0438\u044f \u0438 \u043f\u0430\u043b\u043b\u0438\u0430\u0442\u0438\u0432\u043d\u0430\u044f \u043c\u0435\u0434\u0438\u0446\u0438\u043d\u0430<br \/>- \u0412\u044b\u0437\u043e\u0432\u044b \u043d\u0430 \u0434\u043e\u043c<br \/><span style=\"font-style: inherit; font-weight: inherit;\">- \u0411\u0430\u0437\u043e\u0432\u043e\u0435 \u043f\u0441\u0438\u0445\u043e\u0441\u043e\u043c\u0430\u0442\u0438\u0447\u0435\u0441\u043a\u043e\u0435 \u043e\u0431\u0441\u043b\u0443\u0436\u0438\u0432\u0430\u043d\u0438\u0435<\/span><\/p><p><span style=\"font-style: inherit; font-weight: inherit;\">\u00a0<\/span><\/p>\t\t\t\t\t\t\t\t<\/div>\n\t\t\t\t<\/div>\n\t\t\t\t\t<\/div>\n\t\t\t\t<\/div>\n\t\t<div class=\"elementor-element elementor-element-af5bb61 e-grid e-con-boxed e-con e-parent\" data-id=\"af5bb61\" data-element_type=\"container\">\n\t\t\t\t\t<div class=\"e-con-inner\">\n\t\t\t\t<div class=\"elementor-element elementor-element-110ad44 elementor-widget elementor-widget-text-editor\" data-id=\"110ad44\" data-element_type=\"widget\" data-widget_type=\"text-editor.default\">\n\t\t\t\t<div class=\"elementor-widget-container\">\n\t\t\t\t\t\t\t\t\t<p><strong>Tanja Wohlrath<\/strong><\/p><p>MFA<br \/>Praxismanagerin<br \/>Fachwirtin im Gesundheits- und Sozialwesen<\/p>\t\t\t\t\t\t\t\t<\/div>\n\t\t\t\t<\/div>\n\t\t\t\t<div class=\"elementor-element elementor-element-af4e1f7 elementor-widget elementor-widget-image\" data-id=\"af4e1f7\" data-element_type=\"widget\" data-widget_type=\"image.default\">\n\t\t\t\t<div class=\"elementor-widget-container\">\n\t\t\t\t\t\t\t\t\t\t\t\t\t\t\t<img decoding=\"async\" width=\"1024\" height=\"768\" src=\"https:\/\/praxis-wbc.de\/wp-content\/uploads\/2025\/10\/DSC_0059-1-1024x768.jpg\" class=\"attachment-large size-large wp-image-1658\" alt=\"dsc 0059\" srcset=\"https:\/\/praxis-wbc.de\/wp-content\/uploads\/2025\/10\/DSC_0059-1-1024x768.jpg 1024w, https:\/\/praxis-wbc.de\/wp-content\/uploads\/2025\/10\/DSC_0059-1-300x225.jpg 300w, https:\/\/praxis-wbc.de\/wp-content\/uploads\/2025\/10\/DSC_0059-1-768x576.jpg 768w, https:\/\/praxis-wbc.de\/wp-content\/uploads\/2025\/10\/DSC_0059-1-16x12.jpg 16w, https:\/\/praxis-wbc.de\/wp-content\/uploads\/2025\/10\/DSC_0059-1.jpg 1080w\" sizes=\"(max-width: 1024px) 100vw, 1024px\" \/>\t\t\t\t\t\t\t\t\t\t\t\t\t\t\t<\/div>\n\t\t\t\t<\/div>\n\t\t\t\t\t<\/div>\n\t\t\t\t<\/div>\n\t\t<div class=\"elementor-element elementor-element-b7eb363 e-grid e-con-boxed e-con e-parent\" data-id=\"b7eb363\" data-element_type=\"container\">\n\t\t\t\t\t<div class=\"e-con-inner\">\n\t\t\t\t<div class=\"elementor-element elementor-element-8bd4745 elementor-widget elementor-widget-image\" data-id=\"8bd4745\" data-element_type=\"widget\" data-widget_type=\"image.default\">\n\t\t\t\t<div class=\"elementor-widget-container\">\n\t\t\t\t\t\t\t\t\t\t\t\t\t\t\t<img decoding=\"async\" width=\"1024\" height=\"683\" src=\"https:\/\/praxis-wbc.de\/wp-content\/uploads\/2025\/10\/DSC_0035-1024x683.jpg\" class=\"attachment-large size-large wp-image-1660\" alt=\"dsc 0035\" srcset=\"https:\/\/praxis-wbc.de\/wp-content\/uploads\/2025\/10\/DSC_0035-1024x683.jpg 1024w, https:\/\/praxis-wbc.de\/wp-content\/uploads\/2025\/10\/DSC_0035-300x200.jpg 300w, https:\/\/praxis-wbc.de\/wp-content\/uploads\/2025\/10\/DSC_0035-768x512.jpg 768w, https:\/\/praxis-wbc.de\/wp-content\/uploads\/2025\/10\/DSC_0035-1536x1024.jpg 1536w, https:\/\/praxis-wbc.de\/wp-content\/uploads\/2025\/10\/DSC_0035-18x12.jpg 18w, https:\/\/praxis-wbc.de\/wp-content\/uploads\/2025\/10\/DSC_0035.jpg 1620w\" sizes=\"(max-width: 1024px) 100vw, 1024px\" \/>\t\t\t\t\t\t\t\t\t\t\t\t\t\t\t<\/div>\n\t\t\t\t<\/div>\n\t\t\t\t<div class=\"elementor-element elementor-element-b496b41 elementor-widget elementor-widget-text-editor\" data-id=\"b496b41\" data-element_type=\"widget\" data-widget_type=\"text-editor.default\">\n\t\t\t\t<div class=\"elementor-widget-container\">\n\t\t\t\t\t\t\t\t\t<p><strong>Bettina Holzer<\/strong><\/p><p>MFA<\/p><p>Administrative T\u00e4tigkeiten\u00a0<\/p><p>\u0414\u0438\u0430\u0433\u043d\u043e\u0441\u0442\u0438\u043a\u0430\u00a0<\/p><p><span style=\"font-style: inherit; font-weight: inherit;\">\u00a0<\/span><\/p>\t\t\t\t\t\t\t\t<\/div>\n\t\t\t\t<\/div>\n\t\t\t\t\t<\/div>\n\t\t\t\t<\/div>\n\t\t<div class=\"elementor-element elementor-element-c1d8141 e-grid e-con-boxed e-con e-parent\" data-id=\"c1d8141\" data-element_type=\"container\">\n\t\t\t\t\t<div class=\"e-con-inner\">\n\t\t\t\t<div class=\"elementor-element elementor-element-caa3b1c elementor-widget elementor-widget-text-editor\" data-id=\"caa3b1c\" data-element_type=\"widget\" data-widget_type=\"text-editor.default\">\n\t\t\t\t<div class=\"elementor-widget-container\">\n\t\t\t\t\t\t\t\t\t<p><strong>Nina Kunath<\/strong><\/p><p>MFA<\/p><p>Labor\u00a0<\/p><p>\u0414\u0438\u0430\u0433\u043d\u043e\u0441\u0442\u0438\u043a\u0430<\/p><p><span style=\"font-style: inherit; font-weight: inherit;\">\u00a0<\/span><\/p>\t\t\t\t\t\t\t\t<\/div>\n\t\t\t\t<\/div>\n\t\t\t\t<div class=\"elementor-element elementor-element-073e942 elementor-widget elementor-widget-image\" data-id=\"073e942\" data-element_type=\"widget\" data-widget_type=\"image.default\">\n\t\t\t\t<div class=\"elementor-widget-container\">\n\t\t\t\t\t\t\t\t\t\t\t\t\t\t\t<img loading=\"lazy\" decoding=\"async\" width=\"1024\" height=\"683\" src=\"https:\/\/praxis-wbc.de\/wp-content\/uploads\/2025\/10\/DSC_0072-1024x683.jpg\" class=\"attachment-large size-large wp-image-1659\" alt=\"dsc 0072\" srcset=\"https:\/\/praxis-wbc.de\/wp-content\/uploads\/2025\/10\/DSC_0072-1024x683.jpg 1024w, https:\/\/praxis-wbc.de\/wp-content\/uploads\/2025\/10\/DSC_0072-300x200.jpg 300w, https:\/\/praxis-wbc.de\/wp-content\/uploads\/2025\/10\/DSC_0072-768x512.jpg 768w, https:\/\/praxis-wbc.de\/wp-content\/uploads\/2025\/10\/DSC_0072-1536x1024.jpg 1536w, https:\/\/praxis-wbc.de\/wp-content\/uploads\/2025\/10\/DSC_0072-18x12.jpg 18w, https:\/\/praxis-wbc.de\/wp-content\/uploads\/2025\/10\/DSC_0072.jpg 1620w\" sizes=\"(max-width: 1024px) 100vw, 1024px\" \/>\t\t\t\t\t\t\t\t\t\t\t\t\t\t\t<\/div>\n\t\t\t\t<\/div>\n\t\t\t\t\t<\/div>\n\t\t\t\t<\/div>\n\t\t\t\t<\/div>","protected":false},"excerpt":{"rendered":"<p>Das Team \u00a0Rena Belenkaya Studium in Kursk (Russland), Approbation in Deutschland (2012), Fach\u00e4rztin f\u00fcr Allgemeinmedizin seit 2022. Langj\u00e4hrige Erfahrung in [&hellip;]<\/p>","protected":false},"author":1,"featured_media":0,"parent":0,"menu_order":0,"comment_status":"closed","ping_status":"closed","template":"","meta":{"site-sidebar-layout":"no-sidebar","site-content-layout":"","ast-site-content-layout":"full-width-container","site-content-style":"default","site-sidebar-style":"default","ast-global-header-display":"","ast-banner-title-visibility":"","ast-main-header-display":"","ast-hfb-above-header-display":"","ast-hfb-below-header-display":"","ast-hfb-mobile-header-display":"","site-post-title":"disabled","ast-breadcrumbs-content":"","ast-featured-img":"disabled","footer-sml-layout":"","theme-transparent-header-meta":"","adv-header-id-meta":"","stick-header-meta":"","header-above-stick-meta":"","header-main-stick-meta":"","header-below-stick-meta":"","astra-migrate-meta-layouts":"default","ast-page-background-enabled":"default","ast-page-background-meta":{"desktop":{"background-color":"var(--ast-global-color-4)","background-image":"","background-repeat":"repeat","background-position":"center center","background-size":"auto","background-attachment":"scroll","background-type":"","background-media":"","overlay-type":"","overlay-color":"","overlay-opacity":"","overlay-gradient":""},"tablet":{"background-color":"","background-image":"","background-repeat":"repeat","background-position":"center center","background-size":"auto","background-attachment":"scroll","background-type":"","background-media":"","overlay-type":"","overlay-color":"","overlay-opacity":"","overlay-gradient":""},"mobile":{"background-color":"","background-image":"","background-repeat":"repeat","background-position":"center center","background-size":"auto","background-attachment":"scroll","background-type":"","background-media":"","overlay-type":"","overlay-color":"","overlay-opacity":"","overlay-gradient":""}},"ast-content-background-meta":{"desktop":{"background-color":"var(--ast-global-color-5)","background-image":"","background-repeat":"repeat","background-position":"center center","background-size":"auto","background-attachment":"scroll","background-type":"","background-media":"","overlay-type":"","overlay-color":"","overlay-opacity":"","overlay-gradient":""},"tablet":{"background-color":"var(--ast-global-color-5)","background-image":"","background-repeat":"repeat","background-position":"center center","background-size":"auto","background-attachment":"scroll","background-type":"","background-media":"","overlay-type":"","overlay-color":"","overlay-opacity":"","overlay-gradient":""},"mobile":{"background-color":"var(--ast-global-color-5)","background-image":"","background-repeat":"repeat","background-position":"center center","background-size":"auto","background-attachment":"scroll","background-type":"","background-media":"","overlay-type":"","overlay-color":"","overlay-opacity":"","overlay-gradient":""}},"footnotes":""},"class_list":["post-1288","page","type-page","status-publish","hentry"],"_links":{"self":[{"href":"https:\/\/praxis-wbc.de\/ru\/wp-json\/wp\/v2\/pages\/1288","targetHints":{"allow":["GET"]}}],"collection":[{"href":"https:\/\/praxis-wbc.de\/ru\/wp-json\/wp\/v2\/pages"}],"about":[{"href":"https:\/\/praxis-wbc.de\/ru\/wp-json\/wp\/v2\/types\/page"}],"author":[{"embeddable":true,"href":"https:\/\/praxis-wbc.de\/ru\/wp-json\/wp\/v2\/users\/1"}],"replies":[{"embeddable":true,"href":"https:\/\/praxis-wbc.de\/ru\/wp-json\/wp\/v2\/comments?post=1288"}],"version-history":[{"count":33,"href":"https:\/\/praxis-wbc.de\/ru\/wp-json\/wp\/v2\/pages\/1288\/revisions"}],"predecessor-version":[{"id":1742,"href":"https:\/\/praxis-wbc.de\/ru\/wp-json\/wp\/v2\/pages\/1288\/revisions\/1742"}],"wp:attachment":[{"href":"https:\/\/praxis-wbc.de\/ru\/wp-json\/wp\/v2\/media?parent=1288"}],"curies":[{"name":"wp","href":"https:\/\/api.w.org\/{rel}","templated":true}]}}