{"id":1287,"date":"2025-08-05T10:14:23","date_gmt":"2025-08-05T10:14:23","guid":{"rendered":"https:\/\/praxis-wbc.de\/home\/"},"modified":"2026-03-30T07:15:53","modified_gmt":"2026-03-30T07:15:53","slug":"startseite","status":"publish","type":"page","link":"https:\/\/praxis-wbc.de\/ru\/","title":{"rendered":"Startseite"},"content":{"rendered":"<div data-elementor-type=\"wp-page\" data-elementor-id=\"1287\" class=\"elementor elementor-1287\">\n\t\t\t\t<div class=\"elementor-element elementor-element-4b7b103 e-flex e-con-boxed e-con e-parent\" data-id=\"4b7b103\" data-element_type=\"container\" data-settings=\"{&quot;background_background&quot;:&quot;classic&quot;}\">\n\t\t\t\t\t<div class=\"e-con-inner\">\n\t\t<div class=\"elementor-element elementor-element-74fe295 e-con-full e-flex e-con e-child\" data-id=\"74fe295\" data-element_type=\"container\">\n\t\t\t\t<div class=\"elementor-element elementor-element-7494629 e-transform elementor-widget elementor-widget-heading\" data-id=\"7494629\" data-element_type=\"widget\" data-settings=\"{&quot;_transform_scale_effect&quot;:{&quot;unit&quot;:&quot;px&quot;,&quot;size&quot;:1.3,&quot;sizes&quot;:[]},&quot;_transform_scale_effect_tablet&quot;:{&quot;unit&quot;:&quot;px&quot;,&quot;size&quot;:&quot;&quot;,&quot;sizes&quot;:[]},&quot;_transform_scale_effect_mobile&quot;:{&quot;unit&quot;:&quot;px&quot;,&quot;size&quot;:&quot;&quot;,&quot;sizes&quot;:[]}}\" data-widget_type=\"heading.default\">\n\t\t\t\t<div class=\"elementor-widget-container\">\n\t\t\t\t\t<h1 class=\"elementor-heading-title elementor-size-default\">Herzlich Willkommen!<\/h1>\t\t\t\t<\/div>\n\t\t\t\t<\/div>\n\t\t\t\t<\/div>\n\t\t\t\t\t<\/div>\n\t\t\t\t<\/div>\n\t\t<div class=\"elementor-element elementor-element-6f1f76a e-flex e-con-boxed e-con e-parent\" data-id=\"6f1f76a\" data-element_type=\"container\">\n\t\t\t\t\t<div class=\"e-con-inner\">\n\t\t\t\t<div class=\"elementor-element elementor-element-393e186 elementor-widget-divider--view-line elementor-widget elementor-widget-divider\" data-id=\"393e186\" data-element_type=\"widget\" data-widget_type=\"divider.default\">\n\t\t\t\t<div class=\"elementor-widget-container\">\n\t\t\t\t\t\t\t<div class=\"elementor-divider\">\n\t\t\t<span class=\"elementor-divider-separator\">\n\t\t\t\t\t\t<\/span>\n\t\t<\/div>\n\t\t\t\t\t\t<\/div>\n\t\t\t\t<\/div>\n\t\t\t\t<div class=\"elementor-element elementor-element-a5e6e47 elementor-widget elementor-widget-heading\" data-id=\"a5e6e47\" data-element_type=\"widget\" data-widget_type=\"heading.default\">\n\t\t\t\t<div class=\"elementor-widget-container\">\n\t\t\t\t\t<h1 class=\"elementor-heading-title elementor-size-default\">\u0410\u043a\u0442\u0443\u0430\u043b\u044c\u043d\u0430\u044f \u0438\u043d\u0444\u043e\u0440\u043c\u0430\u0446\u0438\u044f <\/h1>\t\t\t\t<\/div>\n\t\t\t\t<\/div>\n\t\t\t\t\t<\/div>\n\t\t\t\t<\/div>\n\t\t<div class=\"elementor-element elementor-element-2a5b0ab e-flex e-con-boxed e-con e-parent\" data-id=\"2a5b0ab\" data-element_type=\"container\">\n\t\t\t\t\t<div class=\"e-con-inner\">\n\t\t\t\t<div class=\"elementor-element elementor-element-b1a9de1 elementor-widget elementor-widget-text-editor\" data-id=\"b1a9de1\" data-element_type=\"widget\" data-widget_type=\"text-editor.default\">\n\t\t\t\t<div class=\"elementor-widget-container\">\n\t\t\t\t\t\t\t\t\t<h4 data-start=\"86\" data-end=\"106\">\u0413\u0438\u0433\u0438\u0435\u043d\u0438\u0447\u0435\u0441\u043a\u0438\u0435 \u0440\u0435\u043a\u043e\u043c\u0435\u043d\u0434\u0430\u0446\u0438\u0438<\/h4><p data-start=\"107\" data-end=\"331\">\u0415\u0441\u043b\u0438 \u0443 \u0432\u0430\u0441 \u0435\u0441\u0442\u044c \u0441\u0438\u043c\u043f\u0442\u043e\u043c\u044b \u043f\u0440\u043e\u0441\u0442\u0443\u0434\u044b \u0438\u043b\u0438 \u0433\u0440\u0438\u043f\u043f\u0430, \u043f\u043e\u0436\u0430\u043b\u0443\u0439\u0441\u0442\u0430, <strong data-start=\"166\" data-end=\"187\">\u043f\u0440\u0435\u0434\u0432\u0430\u0440\u0438\u0442\u0435\u043b\u044c\u043d\u043e \u0441\u0432\u044f\u0436\u0438\u0442\u0435\u0441\u044c \u0441 \u043d\u0430\u043c\u0438 \u043f\u043e \u0442\u0435\u043b\u0435\u0444\u043e\u043d\u0443<\/strong>.<br data-start=\"188\" data-end=\"191\" \/>\u0414\u043b\u044f \u044d\u0442\u043e\u0433\u043e \u0441\u0443\u0449\u0435\u0441\u0442\u0432\u0443\u0435\u0442 <strong data-start=\"219\" data-end=\"242\">\u0435\u0436\u0435\u0434\u043d\u0435\u0432\u043d\u044b\u0439 \u043f\u0440\u0438\u0451\u043c \u043f\u0430\u0446\u0438\u0435\u043d\u0442\u043e\u0432 \u0441 \u0438\u043d\u0444\u0435\u043a\u0446\u0438\u044f\u043c\u0438.<\/strong>.<br data-start=\"243\" data-end=\"246\" \/>\u0412 \u043a\u043b\u0438\u043d\u0438\u043a\u0435 \u0432 \u044d\u0442\u043e\u043c \u0441\u043b\u0443\u0447\u0430\u0435 \u043d\u0435\u043e\u0431\u0445\u043e\u0434\u0438\u043c\u043e <strong data-start=\"283\" data-end=\"318\">\u043d\u043e\u0441\u0438\u0442\u044c \u043c\u0435\u0434\u0438\u0446\u0438\u043d\u0441\u043a\u0443\u044e \u043c\u0430\u0441\u043a\u0443 \u0434\u043b\u044f \u043b\u0438\u0446\u0430<\/strong> .<\/p>\t\t\t\t\t\t\t\t<\/div>\n\t\t\t\t<\/div>\n\t\t\t\t<div class=\"elementor-element elementor-element-c1862bb elementor-widget elementor-widget-text-editor\" data-id=\"c1862bb\" data-element_type=\"widget\" data-widget_type=\"text-editor.default\">\n\t\t\t\t<div class=\"elementor-widget-container\">\n\t\t\t\t\t\t\t\t\t<h4>\u0414\u043b\u044f \u043d\u043e\u0432\u044b\u0445 \u043f\u0430\u0446\u0438\u0435\u043d\u0442\u043e\u0432<\/h4><p>\u041f\u043e\u0436\u0430\u043b\u0443\u0439\u0441\u0442\u0430, \u0437\u0430\u043f\u043e\u043b\u043d\u0438\u0442\u0435 \u0444\u043e\u0440\u043c\u0443 \u0434\u043b\u044f \u043d\u043e\u0432\u044b\u0445 \u043f\u0430\u0446\u0438\u0435\u043d\u0442\u043e\u0432 \u0432 \u0440\u0430\u0437\u0434\u0435\u043b\u0435 <a href=\"https:\/\/praxis-wbc.de\/ru\/contact\/\">\u041a\u043e\u043d\u0442\u0430\u043a\u0442<\/a> \u043d\u0430 \u043d\u0430\u0448\u0435\u043c \u0441\u0430\u0439\u0442\u0435 \u0438\u043b\u0438 \u0432\u043e\u0441\u043f\u043e\u043b\u044c\u0437\u0443\u0439\u0442\u0435\u0441\u044c QR-\u043a\u043e\u0434\u043e\u043c.<\/p>\t\t\t\t\t\t\t\t<\/div>\n\t\t\t\t<\/div>\n\t\t\t\t<div class=\"elementor-element elementor-element-aed41ea elementor-widget elementor-widget-text-editor\" data-id=\"aed41ea\" data-element_type=\"widget\" data-widget_type=\"text-editor.default\">\n\t\t\t\t<div class=\"elementor-widget-container\">\n\t\t\t\t\t\t\t\t\t<h4>\u0420\u0435\u0446\u0435\u043f\u0442\u044b \u0438 \u043d\u0430\u043f\u0440\u0430\u0432\u043b\u0435\u043d\u0438\u044f<\/h4><p>Bestellungen sind\u00a0telefonisch auf unseren Anrufbeantworter (<b>09562\/40393555<\/b>) m\u00f6glich. Bitte nennen Sie f\u00fcr Rezepte und \u00dcberweisungen auf dem Anrufbeantworter immer Ihren vollst\u00e4ndigen Namen sowie Ihr Geburtsdatum.\u00a0<span style=\"font-size: 1rem;\">Bitte bedenken Sie auch, dass wir diese nur ausstellen k\u00f6nnen, sofern Ihre Versichertenkarte im aktuellen Quartal bereits eingelesen wurde und\u00a0<\/span><span style=\"font-style: inherit; font-weight: inherit;\">planen Sie daf\u00fcr bis zu <\/span><strong style=\"font-style: inherit;\" data-start=\"1763\" data-end=\"1777\">2 \u0440\u0430\u0431\u043e\u0447\u0438\u0445 \u0434\u043d\u0435\u0439<\/strong><span style=\"font-style: inherit; font-weight: inherit;\"> .<\/span><\/p>\t\t\t\t\t\t\t\t<\/div>\n\t\t\t\t<\/div>\n\t\t\t\t<div class=\"elementor-element elementor-element-18d3606 elementor-widget elementor-widget-text-editor\" data-id=\"18d3606\" data-element_type=\"widget\" data-widget_type=\"text-editor.default\">\n\t\t\t\t<div class=\"elementor-widget-container\">\n\t\t\t\t\t\t\t\t\t<h4>\u0412\u0430\u0436\u043d\u043e\u0435 \u043f\u0440\u0438\u043c\u0435\u0447\u0430\u043d\u0438\u0435<\/h4><p>\u0412 \u044d\u043a\u0441\u0442\u0440\u0435\u043d\u043d\u044b\u0445 \u0441\u043b\u0443\u0447\u0430\u044f\u0445 \u0437\u0432\u043e\u043d\u0438\u0442\u0435 \u043d\u0435\u043c\u0435\u0434\u043b\u0435\u043d\u043d\u043e \u043f\u043e \u043d\u043e\u043c\u0435\u0440\u0443 <strong data-start=\"1888\" data-end=\"1895\">112<\/strong> \u0438\u043b\u0438 \u043a \u0434\u0435\u0436\u0443\u0440\u043d\u043e\u043c\u0443 \u0432\u0440\u0430\u0447\u0443 \u043f\u043e \u043d\u043e\u043c\u0435\u0440\u0443 <strong data-start=\"1936\" data-end=\"1947\">116 117<\/strong>.<\/p>\t\t\t\t\t\t\t\t<\/div>\n\t\t\t\t<\/div>\n\t\t\t\t<div class=\"elementor-element elementor-element-804737c elementor-widget elementor-widget-text-editor\" data-id=\"804737c\" data-element_type=\"widget\" data-widget_type=\"text-editor.default\">\n\t\t\t\t<div class=\"elementor-widget-container\">\n\t\t\t\t\t\t\t\t\t<h4>Urlaub<\/h4><p>Den aktuellen Urlaub und die zugeh\u00f6rigen Vertretungen entnehmen Sie bitte <a href=\"https:\/\/praxis-wbc.de\/ru\/urlaub\/\">hier.<\/a><\/p><p><img fetchpriority=\"high\" decoding=\"async\" class=\"alignnone size-medium wp-image-1780\" src=\"http:\/\/praxis-wbc.de\/wp-content\/uploads\/2026\/03\/Osterbild-IMG-20260328-WA0003-225x300.jpg\" alt=\"osterbild img 20260328 wa0003\" width=\"225\" height=\"300\" srcset=\"https:\/\/praxis-wbc.de\/wp-content\/uploads\/2026\/03\/Osterbild-IMG-20260328-WA0003-225x300.jpg 225w, https:\/\/praxis-wbc.de\/wp-content\/uploads\/2026\/03\/Osterbild-IMG-20260328-WA0003-768x1024.jpg 768w, https:\/\/praxis-wbc.de\/wp-content\/uploads\/2026\/03\/Osterbild-IMG-20260328-WA0003-1152x1536.jpg 1152w, https:\/\/praxis-wbc.de\/wp-content\/uploads\/2026\/03\/Osterbild-IMG-20260328-WA0003-9x12.jpg 9w, https:\/\/praxis-wbc.de\/wp-content\/uploads\/2026\/03\/Osterbild-IMG-20260328-WA0003.jpg 1536w\" sizes=\"(max-width: 225px) 100vw, 225px\" \/><\/p><p>Wir w\u00fcnschen unseren Patientinnen und Patienten ein sch\u00f6nes Osterfest.<\/p>\t\t\t\t\t\t\t\t<\/div>\n\t\t\t\t<\/div>\n\t\t\t\t<div class=\"elementor-element elementor-element-fcfbbc9 elementor-widget-divider--view-line elementor-widget elementor-widget-divider\" data-id=\"fcfbbc9\" data-element_type=\"widget\" data-widget_type=\"divider.default\">\n\t\t\t\t<div class=\"elementor-widget-container\">\n\t\t\t\t\t\t\t<div class=\"elementor-divider\">\n\t\t\t<span class=\"elementor-divider-separator\">\n\t\t\t\t\t\t<\/span>\n\t\t<\/div>\n\t\t\t\t\t\t<\/div>\n\t\t\t\t<\/div>\n\t\t\t\t\t<\/div>\n\t\t\t\t<\/div>\n\t\t<div class=\"elementor-element elementor-element-310b209 e-flex e-con-boxed e-con e-parent\" data-id=\"310b209\" data-element_type=\"container\">\n\t\t\t\t\t<div class=\"e-con-inner\">\n\t\t\t\t<div class=\"elementor-element elementor-element-2f8efda elementor-widget elementor-widget-image\" data-id=\"2f8efda\" data-element_type=\"widget\" data-widget_type=\"image.default\">\n\t\t\t\t<div class=\"elementor-widget-container\">\n\t\t\t\t\t\t\t\t\t\t\t\t\t\t\t<img decoding=\"async\" width=\"1024\" height=\"569\" src=\"https:\/\/praxis-wbc.de\/wp-content\/uploads\/2025\/12\/Banner_2_Mein_Hausarztprogramm1-1024x569.jpg\" class=\"attachment-large size-large wp-image-1729\" alt=\"banner 2 mein hausarztprogramm(1)\" srcset=\"https:\/\/praxis-wbc.de\/wp-content\/uploads\/2025\/12\/Banner_2_Mein_Hausarztprogramm1-1024x569.jpg 1024w, https:\/\/praxis-wbc.de\/wp-content\/uploads\/2025\/12\/Banner_2_Mein_Hausarztprogramm1-300x167.jpg 300w, https:\/\/praxis-wbc.de\/wp-content\/uploads\/2025\/12\/Banner_2_Mein_Hausarztprogramm1-768x427.jpg 768w, https:\/\/praxis-wbc.de\/wp-content\/uploads\/2025\/12\/Banner_2_Mein_Hausarztprogramm1-18x10.jpg 18w, https:\/\/praxis-wbc.de\/wp-content\/uploads\/2025\/12\/Banner_2_Mein_Hausarztprogramm1.jpg 1200w\" sizes=\"(max-width: 1024px) 100vw, 1024px\" \/>\t\t\t\t\t\t\t\t\t\t\t\t\t\t\t<\/div>\n\t\t\t\t<\/div>\n\t\t\t\t\t<\/div>\n\t\t\t\t<\/div>\n\t\t<div class=\"elementor-element elementor-element-91cc8a0 e-grid e-con-boxed e-con e-parent\" data-id=\"91cc8a0\" data-element_type=\"container\">\n\t\t\t\t\t<div class=\"e-con-inner\">\n\t\t\t\t<div class=\"elementor-element elementor-element-a7f3493 elementor-widget elementor-widget-text-editor\" data-id=\"a7f3493\" data-element_type=\"widget\" data-widget_type=\"text-editor.default\">\n\t\t\t\t<div class=\"elementor-widget-container\">\n\t\t\t\t\t\t\t\t\t<p><strong>Wir nehmen am Hausarztprogramm teil: Sie auch?<\/strong><br \/><strong>Jetzt kostenlos einschreiben und von vielen Vorteilen<\/strong><br \/><strong>profitieren.<\/strong><\/p><p>Im Hausarztprogramm, auch Hausarztzentrierte Versorgung (HZV) genannt, sind wir als Praxis Ihres<br \/>Vertrauens Ihre erste Anlaufstelle in Sachen Gesundheit. Das erm\u00f6glicht eine hochwertige, zukunfts &#8211;<br \/>f\u00e4hige Versorgung und st\u00e4rkt die Rolle Ihrer Haus\u00e4rztin \/ Ihres Hausarztes. Denn Ihre Teilnahme am<br \/>Hausarztprogramm tr\u00e4gt zum Fortbestand unseres haus\u00e4rztlichen Praxisteams bei.<br \/><br \/><strong>Drei gute Gr\u00fcnde f\u00fcr Ihre Teilnahme am Hausarztprogramm:<\/strong><br \/><br \/>\u2022 <strong>Ein Anlaufpunkt f\u00fcr alle Gesundheitsfragen<\/strong><br \/>Alle Behandlungsdaten laufen in Ihrer haus\u00e4rztlichen Praxis zusammen. Sie beh\u00e4lt den<br \/>\u00dcberblick \u00fcber Ihre Krankengeschichte und koordiniert Ihre Behandlung optimal.<br \/><br \/>\u2022 <strong>Nachweislich bessere Gesundheitsversorgung<\/strong><br \/>Das ist wissenschaftlich belegt: neueversorgung.de<br \/><strong><br \/>\u2022 Mehr Zeit f\u00fcr Sie<\/strong><br \/>Im Hausarztprogramm f\u00e4llt weniger B\u00fcrokratie f\u00fcr uns an, und wir erhalten ein faires Honorar.<br \/>So bleibt mehr Zeit f\u00fcr das, was z\u00e4hlt: Ihre Gesundheit.<br \/><br \/><strong>Sprechen Sie uns bei Ihrem n\u00e4chsten Praxisbesuch an und nehmen Sie am Hausarztprogramm teil.<br \/><\/strong><br \/>Die Teilnahme am Hausarztprogramm ist f\u00fcr alle gesetzlich Versicherten kostenfrei und die<br \/>Einschreibung erfolgt schnell und unkompliziert in unserer Praxis.<br \/><br \/>Ihre Hausarztpraxis Weidhausen<\/p>\t\t\t\t\t\t\t\t<\/div>\n\t\t\t\t<\/div>\n\t\t\t\t\t<\/div>\n\t\t\t\t<\/div>\n\t\t\t\t<\/div>","protected":false},"excerpt":{"rendered":"<p>Herzlich Willkommen! Aktuelles Hygienehinweis Bei Erk\u00e4ltungs- oder Grippesymptomen melden Sie sich bitte vorab telefonisch.Daf\u00fcr gibt es eine t\u00e4gliche Infekt-Sprechstunde.In diesem [&hellip;]<\/p>","protected":false},"author":1,"featured_media":0,"parent":0,"menu_order":0,"comment_status":"closed","ping_status":"closed","template":"","meta":{"site-sidebar-layout":"no-sidebar","site-content-layout":"","ast-site-content-layout":"full-width-container","site-content-style":"default","site-sidebar-style":"default","ast-global-header-display":"","ast-banner-title-visibility":"","ast-main-header-display":"","ast-hfb-above-header-display":"","ast-hfb-below-header-display":"","ast-hfb-mobile-header-display":"","site-post-title":"disabled","ast-breadcrumbs-content":"","ast-featured-img":"disabled","footer-sml-layout":"","theme-transparent-header-meta":"","adv-header-id-meta":"","stick-header-meta":"","header-above-stick-meta":"","header-main-stick-meta":"","header-below-stick-meta":"","astra-migrate-meta-layouts":"default","ast-page-background-enabled":"default","ast-page-background-meta":{"desktop":{"background-color":"var(--ast-global-color-4)","background-image":"","background-repeat":"repeat","background-position":"center center","background-size":"auto","background-attachment":"scroll","background-type":"","background-media":"","overlay-type":"","overlay-color":"","overlay-opacity":"","overlay-gradient":""},"tablet":{"background-color":"","background-image":"","background-repeat":"repeat","background-position":"center center","background-size":"auto","background-attachment":"scroll","background-type":"","background-media":"","overlay-type":"","overlay-color":"","overlay-opacity":"","overlay-gradient":""},"mobile":{"background-color":"","background-image":"","background-repeat":"repeat","background-position":"center center","background-size":"auto","background-attachment":"scroll","background-type":"","background-media":"","overlay-type":"","overlay-color":"","overlay-opacity":"","overlay-gradient":""}},"ast-content-background-meta":{"desktop":{"background-color":"var(--ast-global-color-5)","background-image":"","background-repeat":"repeat","background-position":"center center","background-size":"auto","background-attachment":"scroll","background-type":"","background-media":"","overlay-type":"","overlay-color":"","overlay-opacity":"","overlay-gradient":""},"tablet":{"background-color":"var(--ast-global-color-5)","background-image":"","background-repeat":"repeat","background-position":"center center","background-size":"auto","background-attachment":"scroll","background-type":"","background-media":"","overlay-type":"","overlay-color":"","overlay-opacity":"","overlay-gradient":""},"mobile":{"background-color":"var(--ast-global-color-5)","background-image":"","background-repeat":"repeat","background-position":"center center","background-size":"auto","background-attachment":"scroll","background-type":"","background-media":"","overlay-type":"","overlay-color":"","overlay-opacity":"","overlay-gradient":""}},"footnotes":""},"class_list":["post-1287","page","type-page","status-publish","hentry"],"_links":{"self":[{"href":"https:\/\/praxis-wbc.de\/ru\/wp-json\/wp\/v2\/pages\/1287","targetHints":{"allow":["GET"]}}],"collection":[{"href":"https:\/\/praxis-wbc.de\/ru\/wp-json\/wp\/v2\/pages"}],"about":[{"href":"https:\/\/praxis-wbc.de\/ru\/wp-json\/wp\/v2\/types\/page"}],"author":[{"embeddable":true,"href":"https:\/\/praxis-wbc.de\/ru\/wp-json\/wp\/v2\/users\/1"}],"replies":[{"embeddable":true,"href":"https:\/\/praxis-wbc.de\/ru\/wp-json\/wp\/v2\/comments?post=1287"}],"version-history":[{"count":76,"href":"https:\/\/praxis-wbc.de\/ru\/wp-json\/wp\/v2\/pages\/1287\/revisions"}],"predecessor-version":[{"id":1784,"href":"https:\/\/praxis-wbc.de\/ru\/wp-json\/wp\/v2\/pages\/1287\/revisions\/1784"}],"wp:attachment":[{"href":"https:\/\/praxis-wbc.de\/ru\/wp-json\/wp\/v2\/media?parent=1287"}],"curies":[{"name":"wp","href":"https:\/\/api.w.org\/{rel}","templated":true}]}}